{"id":41,"date":"2022-10-25T05:02:49","date_gmt":"2022-10-25T03:02:49","guid":{"rendered":"https:\/\/garments-vintage.de\/wordpress\/?page_id=41"},"modified":"2022-10-30T17:47:04","modified_gmt":"2022-10-30T16:47:04","slug":"impressum","status":"publish","type":"page","link":"https:\/\/garments-vintage.de\/en\/impressum\/","title":{"rendered":"Imprint"},"content":{"rendered":"<div style=\"height:35px\" aria-hidden=\"true\" class=\"wp-block-spacer\"><\/div>\n\n\n\n<p class=\"has-text-align-center\"><strong>Astrid Lafos und Sandra Keil GbR | Garments Vintage<\/strong><\/p>\n\n\n\n<p class=\"has-text-align-center\">Garments Vintage | Linienstra\u00dfe 204 | 10119 Berlin<\/p>\n\n\n\n<p class=\"has-text-align-center\"><a href=\"mailto:mail@garments-vintage.de\">mail@garments-vintage.de<\/a><\/p>\n\n\n\n<p class=\"has-text-align-center\">Tel. <a href=\"tel:+49 030 224 64 191\">+49 030 224 64 191<\/a><\/p>\n\n\n\n<p class=\"has-text-align-center\">Tax number: 31\/410\/62937<\/p>\n\n\n\n<p><br><strong>Copyright<\/strong><\/p>\n\n\n\n<p>The material on our website is copyrighted by Sandra Keil and Astrid Lafos GbR \/ Garments Vintage. All rights reserved. The following conditions as well as other existing laws or regulations for the Internet or the World Wide Web apply to all users and visitors to this website. You may not distribute, change, transfer, make available or otherwise use any content on the website for public or commercial purposes without the written consent of Sandra Keil and Astrid Lafos GbR \/ Garments Vintage. <\/p>\n\n\n\n<p><br><strong>Conditions of use of the homepage<\/strong><\/p>\n\n\n\n<p>We assume no liability for the correctness of the information provided. Therefore, no assurances are given and no guarantee or liability is assumed for the correctness of the information provided. <\/p>\n\n\n\n<p>The unlawful use of the images on this homepage can violate copyrights, trademark rights, personal or publicity rights and statutory reproduction rules and regulations. <\/p>\n\n\n\n<p>This website contains links to external websites. Visiting these sites is at the risk of the visitor. We assume no liability for the content of external links. The operators of the linked pages are solely responsible for their content. <\/p>\n\n\n\n<p><br>Webdesign and Photos: Sandra Keil, Berlin <a href=\"mailto:mail@garments-vintage.de\" data-type=\"mailto\" data-id=\"mailto:mail@garments-vintage.de\">mail@garments-vintage.de<\/a><br><\/p>\n\n\n\n<p>Copyright \u00a9 2009 <\/p>\n\n\n\n<p>Sandra Keil and Astrid Lafos GbR \/ Garments Vintage <br>All rights reserved<\/p>\n\n\n\n<div style=\"height:35px\" aria-hidden=\"true\" class=\"wp-block-spacer\"><\/div>\n\n\n\n<div style=\"height:35px\" aria-hidden=\"true\" class=\"wp-block-spacer\"><\/div>","protected":false},"excerpt":{"rendered":"<p>mail@garments-vintage.de Steuernummer: 31\/410\/62937 Copyright-Informationen Das Material auf unserer Hompage ist durch die Sandra Keil und Astrid Lafos GbR \/ Garments Vintage urheberrechtlich gesch\u00fctzt. Alle Rechte vorbehalten. Die nachstehenden Bedingungen sowie andere f\u00fcr das Internet oder das World Wide Web bestehenden Gesetze oder Bestimmungen gelten f\u00fcr alle Benutzer und Besucher dieser Website. Sie d\u00fcrfen keine Inhalte&hellip; <a class=\"more-link\" href=\"https:\/\/garments-vintage.de\/en\/impressum\/\">Continue reading <span class=\"screen-reader-text\">Imprint<\/span><\/a><\/p>","protected":false},"author":1,"featured_media":0,"parent":0,"menu_order":110,"comment_status":"closed","ping_status":"closed","template":"","meta":{"ngg_post_thumbnail":0,"footnotes":""},"class_list":["post-41","page","type-page","status-publish","hentry","entry"],"yoast_head":"<!-- This site is optimized with the Yoast SEO plugin v27.5 - https:\/\/yoast.com\/product\/yoast-seo-wordpress\/ -->\n<title>Impressum | Garments Vintage<\/title>\n<meta name=\"description\" content=\"Garments Vintage ist ein Secondhand-Shop in Berlin. Ihr findet bei uns individuelle Vintage\u2013 und Designerteile sowie eine gro\u00dfe Auswahl von Accessoires.\" \/>\n<meta name=\"robots\" content=\"noindex, follow\" \/>\n<meta property=\"og:locale\" content=\"en_US\" \/>\n<meta property=\"og:type\" content=\"article\" \/>\n<meta property=\"og:title\" content=\"Impressum | Garments Vintage\" \/>\n<meta property=\"og:description\" content=\"Garments Vintage ist ein Secondhand-Shop in Berlin. Ihr findet bei uns individuelle Vintage\u2013 und Designerteile sowie eine gro\u00dfe Auswahl von Accessoires.\" \/>\n<meta property=\"og:url\" content=\"https:\/\/garments-vintage.de\/en\/impressum\/\" \/>\n<meta property=\"og:site_name\" content=\"Garments Vintage\" \/>\n<meta property=\"article:publisher\" content=\"https:\/\/de-de.facebook.com\/Garments.Vintage\/\" \/>\n<meta property=\"article:modified_time\" content=\"2022-10-30T16:47:04+00:00\" \/>\n<meta property=\"og:image\" content=\"https:\/\/garments-vintage.de\/wp-content\/uploads\/2022\/11\/garments-vintage-logo-twitter-480x480-1.png\" \/>\n\t<meta property=\"og:image:width\" content=\"480\" \/>\n\t<meta property=\"og:image:height\" content=\"480\" \/>\n\t<meta property=\"og:image:type\" content=\"image\/png\" \/>\n<meta name=\"twitter:card\" content=\"summary_large_image\" \/>\n<meta name=\"twitter:label1\" content=\"Est. reading time\" \/>\n\t<meta name=\"twitter:data1\" content=\"2 minutes\" \/>\n<!-- \/ Yoast SEO plugin. -->","yoast_head_json":{"title":"Impressum | Garments Vintage","description":"Garments Vintage ist ein Secondhand-Shop in Berlin. Ihr findet bei uns individuelle Vintage\u2013 und Designerteile sowie eine gro\u00dfe Auswahl von Accessoires.","robots":{"index":"noindex","follow":"follow"},"og_locale":"en_US","og_type":"article","og_title":"Impressum | Garments Vintage","og_description":"Garments Vintage ist ein Secondhand-Shop in Berlin. Ihr findet bei uns individuelle Vintage\u2013 und Designerteile sowie eine gro\u00dfe Auswahl von Accessoires.","og_url":"https:\/\/garments-vintage.de\/en\/impressum\/","og_site_name":"Garments Vintage","article_publisher":"https:\/\/de-de.facebook.com\/Garments.Vintage\/","article_modified_time":"2022-10-30T16:47:04+00:00","og_image":[{"width":480,"height":480,"url":"https:\/\/garments-vintage.de\/wp-content\/uploads\/2022\/11\/garments-vintage-logo-twitter-480x480-1.png","type":"image\/png"}],"twitter_card":"summary_large_image","twitter_misc":{"Est. reading time":"2 minutes"},"schema":{"@context":"https:\/\/schema.org","@graph":[{"@type":"WebPage","@id":"https:\/\/garments-vintage.de\/impressum\/","url":"https:\/\/garments-vintage.de\/impressum\/","name":"Impressum | Garments Vintage","isPartOf":{"@id":"https:\/\/garments-vintage.de\/#website"},"datePublished":"2022-10-25T03:02:49+00:00","dateModified":"2022-10-30T16:47:04+00:00","description":"Garments Vintage ist ein Secondhand-Shop in Berlin. Ihr findet bei uns individuelle Vintage\u2013 und Designerteile sowie eine gro\u00dfe Auswahl von Accessoires.","breadcrumb":{"@id":"https:\/\/garments-vintage.de\/impressum\/#breadcrumb"},"inLanguage":"en-US","potentialAction":[{"@type":"ReadAction","target":["https:\/\/garments-vintage.de\/impressum\/"]}]},{"@type":"BreadcrumbList","@id":"https:\/\/garments-vintage.de\/impressum\/#breadcrumb","itemListElement":[{"@type":"ListItem","position":1,"name":"Startseite","item":"https:\/\/garments-vintage.de\/"},{"@type":"ListItem","position":2,"name":"Impressum"}]},{"@type":"WebSite","@id":"https:\/\/garments-vintage.de\/#website","url":"https:\/\/garments-vintage.de\/","name":"Garments Vintage","description":"","publisher":{"@id":"https:\/\/garments-vintage.de\/#organization"},"potentialAction":[{"@type":"SearchAction","target":{"@type":"EntryPoint","urlTemplate":"https:\/\/garments-vintage.de\/?s={search_term_string}"},"query-input":{"@type":"PropertyValueSpecification","valueRequired":true,"valueName":"search_term_string"}}],"inLanguage":"en-US"},{"@type":"Organization","@id":"https:\/\/garments-vintage.de\/#organization","name":"Garments Vintage","url":"https:\/\/garments-vintage.de\/","logo":{"@type":"ImageObject","inLanguage":"en-US","@id":"https:\/\/garments-vintage.de\/#\/schema\/logo\/image\/","url":"https:\/\/garments-vintage.de\/wp-content\/uploads\/2021\/08\/logo.png","contentUrl":"https:\/\/garments-vintage.de\/wp-content\/uploads\/2021\/08\/logo.png","width":179,"height":166,"caption":"Garments Vintage"},"image":{"@id":"https:\/\/garments-vintage.de\/#\/schema\/logo\/image\/"},"sameAs":["https:\/\/de-de.facebook.com\/Garments.Vintage\/","https:\/\/www.instagram.com\/garments_vintage\/?hl=de"]}]}},"_links":{"self":[{"href":"https:\/\/garments-vintage.de\/en\/wp-json\/wp\/v2\/pages\/41","targetHints":{"allow":["GET"]}}],"collection":[{"href":"https:\/\/garments-vintage.de\/en\/wp-json\/wp\/v2\/pages"}],"about":[{"href":"https:\/\/garments-vintage.de\/en\/wp-json\/wp\/v2\/types\/page"}],"author":[{"embeddable":true,"href":"https:\/\/garments-vintage.de\/en\/wp-json\/wp\/v2\/users\/1"}],"replies":[{"embeddable":true,"href":"https:\/\/garments-vintage.de\/en\/wp-json\/wp\/v2\/comments?post=41"}],"version-history":[{"count":15,"href":"https:\/\/garments-vintage.de\/en\/wp-json\/wp\/v2\/pages\/41\/revisions"}],"predecessor-version":[{"id":790,"href":"https:\/\/garments-vintage.de\/en\/wp-json\/wp\/v2\/pages\/41\/revisions\/790"}],"wp:attachment":[{"href":"https:\/\/garments-vintage.de\/en\/wp-json\/wp\/v2\/media?parent=41"}],"curies":[{"name":"wp","href":"https:\/\/api.w.org\/{rel}","templated":true}]}}