{"id":43,"date":"2022-10-25T05:03:39","date_gmt":"2022-10-25T03:03:39","guid":{"rendered":"https:\/\/garments-vintage.de\/wordpress\/?page_id=43"},"modified":"2022-10-26T10:22:40","modified_gmt":"2022-10-26T08:22:40","slug":"datenschutzerklaerung","status":"publish","type":"page","link":"https:\/\/garments-vintage.de\/en\/datenschutzerklaerung\/","title":{"rendered":"Privacy Policy"},"content":{"rendered":"<div style=\"height:35px\" aria-hidden=\"true\" class=\"wp-block-spacer\"><\/div>\n\n\n\n<p class=\"has-text-align-center\"><strong>Die Kontaktdaten des Unternehmens:<\/strong><\/p>\n\n\n\n<p class=\"has-text-align-center\"><strong>Astrid Lafos und Sandra Keil GbR | Garments Vintage<\/strong><\/p>\n\n\n\n<p class=\"has-text-align-center\">Tel. <a href=\"tel:+49 030 224 64 191\">+49 030 224 64 191<\/a><\/p>\n\n\n\n<p class=\"has-text-align-center\"><a href=\"mailto:mail@garments-vintage.de\">mail@garments-vintage.de<\/a><\/p>\n\n\n\n<p class=\"has-text-align-center\">Unternehmensbezeichnung: Vintage-Store<\/p>\n\n\n\n<div style=\"height:40px\" aria-hidden=\"true\" class=\"wp-block-spacer\"><\/div>\n\n\n\n<p><strong>Privacy Policy<\/strong><\/p>\n\n\n\n<p>Sie erhalten als Nutzer unserer Internetseite in dieser Datenschutzerkl\u00e4rung alle notwendigen Informationen dar\u00fcber, wie, in welchem Umfang sowie zu welchem Zweck wir oder Drittanbieter Daten von Ihnen erheben und diese verwenden. Die Erhebung und Nutzung Ihrer Daten erfolgt streng nach den Vorgaben des Bundesdatenschutzgesetzes (BDSG) und des Telemediengesetzes (TMG). Wir f\u00fchlen uns der Vertraulichkeit Ihrer personenbezogenen Daten besonders verpflichtet und arbeiten deshalb streng innerhalb der Grenzen, die die gesetzlichen Vorgaben uns setzen. Die Erhebung dieser personenbezogenen Daten erfolgt auf freiwilliger Basis, wenn uns das m\u00f6glich ist. Auch geben wir diese Daten nur mit Ihrer ausdr\u00fccklichen Zustimmung an Dritte weiter. Wir sorgen bei besonders vertraulichen Daten wie im Zahlungsverkehr oder im Hinblick auf Ihre Anfragen an uns durch Einsatz einer SSL-Verschl\u00fcsselung f\u00fcr hohe Sicherheit. Wir m\u00f6chten es aber an dieser Stelle nicht vers\u00e4umen, auf die allgemeinen Gefahren der Internetnutzung hinzuweisen, auf die wir keinen Einfluss haben. Besonders im E-Mail-Verkehr sind Ihre Daten ohne weitere Vorkehrungen nicht sicher und k\u00f6nnen unter Umst\u00e4nden von Dritten erfasst werden.<\/p>\n\n\n\n<div style=\"height:35px\" aria-hidden=\"true\" class=\"wp-block-spacer\"><\/div>","protected":false},"excerpt":{"rendered":"<p>Die Kontaktdaten des Unternehmens: Unternehmensbezeichnung: Vintage-Store Datenschutzerkl\u00e4rung Sie erhalten als Nutzer unserer Internetseite in dieser Datenschutzerkl\u00e4rung alle notwendigen Informationen dar\u00fcber, wie, in welchem Umfang sowie zu welchem Zweck wir oder Drittanbieter Daten von Ihnen erheben und diese verwenden. Die Erhebung und Nutzung Ihrer Daten erfolgt streng nach den Vorgaben des Bundesdatenschutzgesetzes (BDSG) und des Telemediengesetzes&hellip; <a class=\"more-link\" href=\"https:\/\/garments-vintage.de\/en\/datenschutzerklaerung\/\">Continue reading <span class=\"screen-reader-text\">Privacy Policy<\/span><\/a><\/p>","protected":false},"author":1,"featured_media":0,"parent":0,"menu_order":120,"comment_status":"closed","ping_status":"closed","template":"","meta":{"ngg_post_thumbnail":0,"footnotes":""},"class_list":["post-43","page","type-page","status-publish","hentry","entry"],"yoast_head":"<!-- This site is optimized with the Yoast SEO plugin v27.5 - https:\/\/yoast.com\/product\/yoast-seo-wordpress\/ -->\n<title>Datenschutzerkl\u00e4rung | Garments Vintage<\/title>\n<meta name=\"description\" content=\"Garments Vintage ist ein Secondhand-Shop in Berlin. Ihr findet bei uns individuelle Vintage\u2013 und Designerteile sowie eine gro\u00dfe Auswahl von Accessoires.\" \/>\n<meta name=\"robots\" content=\"noindex, follow\" \/>\n<meta property=\"og:locale\" content=\"en_US\" \/>\n<meta property=\"og:type\" content=\"article\" \/>\n<meta property=\"og:title\" content=\"Datenschutzerkl\u00e4rung | Garments Vintage\" \/>\n<meta property=\"og:description\" content=\"Garments Vintage ist ein Secondhand-Shop in Berlin. Ihr findet bei uns individuelle Vintage\u2013 und Designerteile sowie eine gro\u00dfe Auswahl von Accessoires.\" \/>\n<meta property=\"og:url\" content=\"https:\/\/garments-vintage.de\/en\/datenschutzerklaerung\/\" \/>\n<meta property=\"og:site_name\" content=\"Garments Vintage\" \/>\n<meta property=\"article:publisher\" content=\"https:\/\/de-de.facebook.com\/Garments.Vintage\/\" \/>\n<meta property=\"article:modified_time\" content=\"2022-10-26T08:22:40+00:00\" \/>\n<meta property=\"og:image\" content=\"https:\/\/garments-vintage.de\/wp-content\/uploads\/2022\/11\/garments-vintage-logo-twitter-480x480-1.png\" \/>\n\t<meta property=\"og:image:width\" content=\"480\" \/>\n\t<meta property=\"og:image:height\" content=\"480\" \/>\n\t<meta property=\"og:image:type\" content=\"image\/png\" \/>\n<meta name=\"twitter:card\" content=\"summary_large_image\" \/>\n<meta name=\"twitter:label1\" content=\"Est. reading time\" \/>\n\t<meta name=\"twitter:data1\" content=\"1 minute\" \/>\n<!-- \/ Yoast SEO plugin. -->","yoast_head_json":{"title":"Datenschutzerkl\u00e4rung | Garments Vintage","description":"Garments Vintage ist ein Secondhand-Shop in Berlin. Ihr findet bei uns individuelle Vintage\u2013 und Designerteile sowie eine gro\u00dfe Auswahl von Accessoires.","robots":{"index":"noindex","follow":"follow"},"og_locale":"en_US","og_type":"article","og_title":"Datenschutzerkl\u00e4rung | Garments Vintage","og_description":"Garments Vintage ist ein Secondhand-Shop in Berlin. Ihr findet bei uns individuelle Vintage\u2013 und Designerteile sowie eine gro\u00dfe Auswahl von Accessoires.","og_url":"https:\/\/garments-vintage.de\/en\/datenschutzerklaerung\/","og_site_name":"Garments Vintage","article_publisher":"https:\/\/de-de.facebook.com\/Garments.Vintage\/","article_modified_time":"2022-10-26T08:22:40+00:00","og_image":[{"width":480,"height":480,"url":"https:\/\/garments-vintage.de\/wp-content\/uploads\/2022\/11\/garments-vintage-logo-twitter-480x480-1.png","type":"image\/png"}],"twitter_card":"summary_large_image","twitter_misc":{"Est. reading time":"1 minute"},"schema":{"@context":"https:\/\/schema.org","@graph":[{"@type":"WebPage","@id":"https:\/\/garments-vintage.de\/datenschutzerklaerung\/","url":"https:\/\/garments-vintage.de\/datenschutzerklaerung\/","name":"Datenschutzerkl\u00e4rung | Garments Vintage","isPartOf":{"@id":"https:\/\/garments-vintage.de\/#website"},"datePublished":"2022-10-25T03:03:39+00:00","dateModified":"2022-10-26T08:22:40+00:00","description":"Garments Vintage ist ein Secondhand-Shop in Berlin. Ihr findet bei uns individuelle Vintage\u2013 und Designerteile sowie eine gro\u00dfe Auswahl von Accessoires.","breadcrumb":{"@id":"https:\/\/garments-vintage.de\/datenschutzerklaerung\/#breadcrumb"},"inLanguage":"en-US","potentialAction":[{"@type":"ReadAction","target":["https:\/\/garments-vintage.de\/datenschutzerklaerung\/"]}]},{"@type":"BreadcrumbList","@id":"https:\/\/garments-vintage.de\/datenschutzerklaerung\/#breadcrumb","itemListElement":[{"@type":"ListItem","position":1,"name":"Startseite","item":"https:\/\/garments-vintage.de\/"},{"@type":"ListItem","position":2,"name":"Datenschutzerkl\u00e4rung"}]},{"@type":"WebSite","@id":"https:\/\/garments-vintage.de\/#website","url":"https:\/\/garments-vintage.de\/","name":"Garments Vintage","description":"","publisher":{"@id":"https:\/\/garments-vintage.de\/#organization"},"potentialAction":[{"@type":"SearchAction","target":{"@type":"EntryPoint","urlTemplate":"https:\/\/garments-vintage.de\/?s={search_term_string}"},"query-input":{"@type":"PropertyValueSpecification","valueRequired":true,"valueName":"search_term_string"}}],"inLanguage":"en-US"},{"@type":"Organization","@id":"https:\/\/garments-vintage.de\/#organization","name":"Garments Vintage","url":"https:\/\/garments-vintage.de\/","logo":{"@type":"ImageObject","inLanguage":"en-US","@id":"https:\/\/garments-vintage.de\/#\/schema\/logo\/image\/","url":"https:\/\/garments-vintage.de\/wp-content\/uploads\/2021\/08\/logo.png","contentUrl":"https:\/\/garments-vintage.de\/wp-content\/uploads\/2021\/08\/logo.png","width":179,"height":166,"caption":"Garments Vintage"},"image":{"@id":"https:\/\/garments-vintage.de\/#\/schema\/logo\/image\/"},"sameAs":["https:\/\/de-de.facebook.com\/Garments.Vintage\/","https:\/\/www.instagram.com\/garments_vintage\/?hl=de"]}]}},"_links":{"self":[{"href":"https:\/\/garments-vintage.de\/en\/wp-json\/wp\/v2\/pages\/43","targetHints":{"allow":["GET"]}}],"collection":[{"href":"https:\/\/garments-vintage.de\/en\/wp-json\/wp\/v2\/pages"}],"about":[{"href":"https:\/\/garments-vintage.de\/en\/wp-json\/wp\/v2\/types\/page"}],"author":[{"embeddable":true,"href":"https:\/\/garments-vintage.de\/en\/wp-json\/wp\/v2\/users\/1"}],"replies":[{"embeddable":true,"href":"https:\/\/garments-vintage.de\/en\/wp-json\/wp\/v2\/comments?post=43"}],"version-history":[{"count":25,"href":"https:\/\/garments-vintage.de\/en\/wp-json\/wp\/v2\/pages\/43\/revisions"}],"predecessor-version":[{"id":774,"href":"https:\/\/garments-vintage.de\/en\/wp-json\/wp\/v2\/pages\/43\/revisions\/774"}],"wp:attachment":[{"href":"https:\/\/garments-vintage.de\/en\/wp-json\/wp\/v2\/media?parent=43"}],"curies":[{"name":"wp","href":"https:\/\/api.w.org\/{rel}","templated":true}]}}